{"id":1027,"date":"2024-04-03T11:44:32","date_gmt":"2024-04-03T15:44:32","guid":{"rendered":"https:\/\/ozenhandles.com\/?page_id=1027"},"modified":"2025-07-31T10:05:19","modified_gmt":"2025-07-31T14:05:19","slug":"shop","status":"publish","type":"page","link":"https:\/\/ozenhandles.com\/tr\/door-hardware\/shop\/","title":{"rendered":"Shop"},"content":{"rendered":"","protected":false},"excerpt":{"rendered":"","protected":false},"author":1,"featured_media":0,"parent":381,"menu_order":0,"comment_status":"closed","ping_status":"closed","template":"","meta":{"_acf_changed":false,"footnotes":""},"class_list":["post-1027","page","type-page","status-publish","hentry"],"acf":[],"yoast_head":"<!-- This site is optimized with the Yoast SEO plugin v27.5 - https:\/\/yoast.com\/product\/yoast-seo-wordpress\/ -->\n<title>Shop Door Hardware | Handles, Knobs, Hinges &amp; More | Ozen Handles<\/title>\n<meta name=\"description\" content=\"Browse Ozen Handles\u2019 full range of premium door hardware. Shop handles, knobs, hinges, and accessories for modern, elegant interiors.\" \/>\n<meta name=\"robots\" content=\"index, follow, max-snippet:-1, max-image-preview:large, max-video-preview:-1\" \/>\n<link rel=\"canonical\" href=\"https:\/\/ozenhandles.com\/tr\/door-hardware\/shop\/\" \/>\n<meta property=\"og:locale\" content=\"tr_TR\" \/>\n<meta property=\"og:type\" content=\"article\" \/>\n<meta property=\"og:title\" content=\"Shop Door Hardware | Handles, Knobs, Hinges &amp; More | Ozen Handles\" \/>\n<meta property=\"og:description\" content=\"Browse Ozen Handles\u2019 full range of premium door hardware. Shop handles, knobs, hinges, and accessories for modern, elegant interiors.\" \/>\n<meta property=\"og:url\" content=\"https:\/\/ozenhandles.com\/tr\/door-hardware\/shop\/\" \/>\n<meta property=\"og:site_name\" content=\"\u00f6zen\" \/>\n<meta property=\"article:publisher\" content=\"https:\/\/www.facebook.com\/OzenHandles\/\" \/>\n<meta property=\"article:modified_time\" content=\"2025-07-31T14:05:19+00:00\" \/>\n<meta name=\"twitter:card\" content=\"summary_large_image\" \/>\n<meta name=\"twitter:site\" content=\"@ozenhandles\" \/>\n<script type=\"application\/ld+json\" class=\"yoast-schema-graph\">{\"@context\":\"https:\\\/\\\/schema.org\",\"@graph\":[{\"@type\":\"WebPage\",\"@id\":\"https:\\\/\\\/ozenhandles.com\\\/door-hardware\\\/shop\\\/\",\"url\":\"https:\\\/\\\/ozenhandles.com\\\/door-hardware\\\/shop\\\/\",\"name\":\"Shop Door Hardware | Handles, Knobs, Hinges & More | Ozen Handles\",\"isPartOf\":{\"@id\":\"https:\\\/\\\/ozenhandles.com\\\/#website\"},\"datePublished\":\"2024-04-03T15:44:32+00:00\",\"dateModified\":\"2025-07-31T14:05:19+00:00\",\"description\":\"Browse Ozen Handles\u2019 full range of premium door hardware. Shop handles, knobs, hinges, and accessories for modern, elegant interiors.\",\"breadcrumb\":{\"@id\":\"https:\\\/\\\/ozenhandles.com\\\/door-hardware\\\/shop\\\/#breadcrumb\"},\"inLanguage\":\"tr\",\"potentialAction\":[{\"@type\":\"ReadAction\",\"target\":[\"https:\\\/\\\/ozenhandles.com\\\/door-hardware\\\/shop\\\/\"]}]},{\"@type\":\"BreadcrumbList\",\"@id\":\"https:\\\/\\\/ozenhandles.com\\\/door-hardware\\\/shop\\\/#breadcrumb\",\"itemListElement\":[{\"@type\":\"ListItem\",\"position\":1,\"name\":\"Home\",\"item\":\"https:\\\/\\\/ozenhandles.com\\\/\"},{\"@type\":\"ListItem\",\"position\":2,\"name\":\"Door Hardware\",\"item\":\"https:\\\/\\\/ozenhandles.com\\\/door-hardware\\\/\"},{\"@type\":\"ListItem\",\"position\":3,\"name\":\"Shop\"}]},{\"@type\":\"WebSite\",\"@id\":\"https:\\\/\\\/ozenhandles.com\\\/#website\",\"url\":\"https:\\\/\\\/ozenhandles.com\\\/\",\"name\":\"ozen handles\",\"description\":\"Care apart\u2122\",\"publisher\":{\"@id\":\"https:\\\/\\\/ozenhandles.com\\\/#organization\"},\"potentialAction\":[{\"@type\":\"SearchAction\",\"target\":{\"@type\":\"EntryPoint\",\"urlTemplate\":\"https:\\\/\\\/ozenhandles.com\\\/?s={search_term_string}\"},\"query-input\":{\"@type\":\"PropertyValueSpecification\",\"valueRequired\":true,\"valueName\":\"search_term_string\"}}],\"inLanguage\":\"tr\"},{\"@type\":\"Organization\",\"@id\":\"https:\\\/\\\/ozenhandles.com\\\/#organization\",\"name\":\"ozen handles\",\"url\":\"https:\\\/\\\/ozenhandles.com\\\/\",\"logo\":{\"@type\":\"ImageObject\",\"inLanguage\":\"tr\",\"@id\":\"https:\\\/\\\/ozenhandles.com\\\/#\\\/schema\\\/logo\\\/image\\\/\",\"url\":\"https:\\\/\\\/ozenhandles.com\\\/wp-content\\\/uploads\\\/2024\\\/03\\\/ozen.png\",\"contentUrl\":\"https:\\\/\\\/ozenhandles.com\\\/wp-content\\\/uploads\\\/2024\\\/03\\\/ozen.png\",\"width\":1161,\"height\":421,\"caption\":\"ozen handles\"},\"image\":{\"@id\":\"https:\\\/\\\/ozenhandles.com\\\/#\\\/schema\\\/logo\\\/image\\\/\"},\"sameAs\":[\"https:\\\/\\\/www.facebook.com\\\/OzenHandles\\\/\",\"https:\\\/\\\/x.com\\\/ozenhandles\",\"https:\\\/\\\/www.instagram.com\\\/ozenhandles\\\/\"]}]}<\/script>\n<!-- \/ Yoast SEO plugin. -->","yoast_head_json":{"title":"Kap\u0131 Donan\u0131m\u0131 Ma\u011fazas\u0131 | Kulplar, Topuzlar, Mente\u015feler | Ozen Handles","description":"Ozen Handles kap\u0131 donan\u0131m\u0131 koleksiyonunu ke\u015ffedin. Kulplar, mente\u015feler ve aksesuarlarla \u015f\u0131kl\u0131\u011f\u0131 evinize ta\u015f\u0131y\u0131n.","robots":{"index":"index","follow":"follow","max-snippet":"max-snippet:-1","max-image-preview":"max-image-preview:large","max-video-preview":"max-video-preview:-1"},"canonical":"https:\/\/ozenhandles.com\/tr\/door-hardware\/shop\/","og_locale":"tr_TR","og_type":"article","og_title":"Shop Door Hardware | Handles, Knobs, Hinges & More | Ozen Handles","og_description":"Browse Ozen Handles\u2019 full range of premium door hardware. Shop handles, knobs, hinges, and accessories for modern, elegant interiors.","og_url":"https:\/\/ozenhandles.com\/tr\/door-hardware\/shop\/","og_site_name":"\u00f6zen","article_publisher":"https:\/\/www.facebook.com\/OzenHandles\/","article_modified_time":"2025-07-31T14:05:19+00:00","twitter_card":"summary_large_image","twitter_site":"@ozenhandles","schema":{"@context":"https:\/\/schema.org","@graph":[{"@type":"WebPage","@id":"https:\/\/ozenhandles.com\/door-hardware\/shop\/","url":"https:\/\/ozenhandles.com\/door-hardware\/shop\/","name":"Kap\u0131 Donan\u0131m\u0131 Ma\u011fazas\u0131 | Kulplar, Topuzlar, Mente\u015feler | Ozen Handles","isPartOf":{"@id":"https:\/\/ozenhandles.com\/#website"},"datePublished":"2024-04-03T15:44:32+00:00","dateModified":"2025-07-31T14:05:19+00:00","description":"Ozen Handles kap\u0131 donan\u0131m\u0131 koleksiyonunu ke\u015ffedin. Kulplar, mente\u015feler ve aksesuarlarla \u015f\u0131kl\u0131\u011f\u0131 evinize ta\u015f\u0131y\u0131n.","breadcrumb":{"@id":"https:\/\/ozenhandles.com\/door-hardware\/shop\/#breadcrumb"},"inLanguage":"tr","potentialAction":[{"@type":"ReadAction","target":["https:\/\/ozenhandles.com\/door-hardware\/shop\/"]}]},{"@type":"BreadcrumbList","@id":"https:\/\/ozenhandles.com\/door-hardware\/shop\/#breadcrumb","itemListElement":[{"@type":"ListItem","position":1,"name":"Home","item":"https:\/\/ozenhandles.com\/"},{"@type":"ListItem","position":2,"name":"Door Hardware","item":"https:\/\/ozenhandles.com\/door-hardware\/"},{"@type":"ListItem","position":3,"name":"Shop"}]},{"@type":"WebSite","@id":"https:\/\/ozenhandles.com\/#website","url":"https:\/\/ozenhandles.com\/","name":"ozen handles","description":"Care apart\u2122","publisher":{"@id":"https:\/\/ozenhandles.com\/#organization"},"potentialAction":[{"@type":"SearchAction","target":{"@type":"EntryPoint","urlTemplate":"https:\/\/ozenhandles.com\/?s={search_term_string}"},"query-input":{"@type":"PropertyValueSpecification","valueRequired":true,"valueName":"search_term_string"}}],"inLanguage":"tr"},{"@type":"Organization","@id":"https:\/\/ozenhandles.com\/#organization","name":"ozen handles","url":"https:\/\/ozenhandles.com\/","logo":{"@type":"ImageObject","inLanguage":"tr","@id":"https:\/\/ozenhandles.com\/#\/schema\/logo\/image\/","url":"https:\/\/ozenhandles.com\/wp-content\/uploads\/2024\/03\/ozen.png","contentUrl":"https:\/\/ozenhandles.com\/wp-content\/uploads\/2024\/03\/ozen.png","width":1161,"height":421,"caption":"ozen handles"},"image":{"@id":"https:\/\/ozenhandles.com\/#\/schema\/logo\/image\/"},"sameAs":["https:\/\/www.facebook.com\/OzenHandles\/","https:\/\/x.com\/ozenhandles","https:\/\/www.instagram.com\/ozenhandles\/"]}]}},"_links":{"self":[{"href":"https:\/\/ozenhandles.com\/tr\/wp-json\/wp\/v2\/pages\/1027","targetHints":{"allow":["GET"]}}],"collection":[{"href":"https:\/\/ozenhandles.com\/tr\/wp-json\/wp\/v2\/pages"}],"about":[{"href":"https:\/\/ozenhandles.com\/tr\/wp-json\/wp\/v2\/types\/page"}],"author":[{"embeddable":true,"href":"https:\/\/ozenhandles.com\/tr\/wp-json\/wp\/v2\/users\/1"}],"replies":[{"embeddable":true,"href":"https:\/\/ozenhandles.com\/tr\/wp-json\/wp\/v2\/comments?post=1027"}],"version-history":[{"count":0,"href":"https:\/\/ozenhandles.com\/tr\/wp-json\/wp\/v2\/pages\/1027\/revisions"}],"up":[{"embeddable":true,"href":"https:\/\/ozenhandles.com\/tr\/wp-json\/wp\/v2\/pages\/381"}],"wp:attachment":[{"href":"https:\/\/ozenhandles.com\/tr\/wp-json\/wp\/v2\/media?parent=1027"}],"curies":[{"name":"wp","href":"https:\/\/api.w.org\/{rel}","templated":true}]}}