{"id":4368,"date":"2024-10-17T10:24:29","date_gmt":"2024-10-17T14:24:29","guid":{"rendered":"https:\/\/ozenhandles.com\/?page_id=4368"},"modified":"2025-07-31T08:48:27","modified_gmt":"2025-07-31T12:48:27","slug":"ozen-wearables","status":"publish","type":"page","link":"https:\/\/ozenhandles.com\/tr\/accessories\/ozen-wearables\/","title":{"rendered":"\u00f6zen Giyim"},"content":{"rendered":"","protected":false},"excerpt":{"rendered":"","protected":false},"author":1,"featured_media":0,"parent":385,"menu_order":0,"comment_status":"closed","ping_status":"closed","template":"","meta":{"_acf_changed":false,"footnotes":""},"class_list":["post-4368","page","type-page","status-publish","hentry"],"acf":[],"yoast_head":"<!-- This site is optimized with the Yoast SEO plugin v27.5 - https:\/\/yoast.com\/product\/yoast-seo-wordpress\/ -->\n<title>Ozen Wearables | Branded Apparel &amp; Lifestyle Accessories<\/title>\n<meta name=\"description\" content=\"Explore Ozen Wearables\u2014stylish branded clothing and lifestyle items that reflect modern design, quality craftsmanship, and architectural elegance.\" \/>\n<meta name=\"robots\" content=\"index, follow, max-snippet:-1, max-image-preview:large, max-video-preview:-1\" \/>\n<link rel=\"canonical\" href=\"https:\/\/ozenhandles.com\/tr\/accessories\/ozen-wearables\/\" \/>\n<meta property=\"og:locale\" content=\"tr_TR\" \/>\n<meta property=\"og:type\" content=\"article\" \/>\n<meta property=\"og:title\" content=\"Ozen Wearables | Branded Apparel &amp; Lifestyle Accessories\" \/>\n<meta property=\"og:description\" content=\"Explore Ozen Wearables\u2014stylish branded clothing and lifestyle items that reflect modern design, quality craftsmanship, and architectural elegance.\" \/>\n<meta property=\"og:url\" content=\"https:\/\/ozenhandles.com\/tr\/accessories\/ozen-wearables\/\" \/>\n<meta property=\"og:site_name\" content=\"\u00f6zen\" \/>\n<meta property=\"article:publisher\" content=\"https:\/\/www.facebook.com\/OzenHandles\/\" \/>\n<meta property=\"article:modified_time\" content=\"2025-07-31T12:48:27+00:00\" \/>\n<meta name=\"twitter:card\" content=\"summary_large_image\" \/>\n<meta name=\"twitter:site\" content=\"@ozenhandles\" \/>\n<script type=\"application\/ld+json\" class=\"yoast-schema-graph\">{\"@context\":\"https:\\\/\\\/schema.org\",\"@graph\":[{\"@type\":\"WebPage\",\"@id\":\"https:\\\/\\\/ozenhandles.com\\\/accessories\\\/ozen-wearables\\\/\",\"url\":\"https:\\\/\\\/ozenhandles.com\\\/accessories\\\/ozen-wearables\\\/\",\"name\":\"Ozen Wearables | Branded Apparel & Lifestyle Accessories\",\"isPartOf\":{\"@id\":\"https:\\\/\\\/ozenhandles.com\\\/#website\"},\"datePublished\":\"2024-10-17T14:24:29+00:00\",\"dateModified\":\"2025-07-31T12:48:27+00:00\",\"description\":\"Explore Ozen Wearables\u2014stylish branded clothing and lifestyle items that reflect modern design, quality craftsmanship, and architectural elegance.\",\"breadcrumb\":{\"@id\":\"https:\\\/\\\/ozenhandles.com\\\/accessories\\\/ozen-wearables\\\/#breadcrumb\"},\"inLanguage\":\"tr\",\"potentialAction\":[{\"@type\":\"ReadAction\",\"target\":[\"https:\\\/\\\/ozenhandles.com\\\/accessories\\\/ozen-wearables\\\/\"]}]},{\"@type\":\"BreadcrumbList\",\"@id\":\"https:\\\/\\\/ozenhandles.com\\\/accessories\\\/ozen-wearables\\\/#breadcrumb\",\"itemListElement\":[{\"@type\":\"ListItem\",\"position\":1,\"name\":\"Home\",\"item\":\"https:\\\/\\\/ozenhandles.com\\\/\"},{\"@type\":\"ListItem\",\"position\":2,\"name\":\"Accessories\",\"item\":\"https:\\\/\\\/ozenhandles.com\\\/accessories\\\/\"},{\"@type\":\"ListItem\",\"position\":3,\"name\":\"ozen Wearables\"}]},{\"@type\":\"WebSite\",\"@id\":\"https:\\\/\\\/ozenhandles.com\\\/#website\",\"url\":\"https:\\\/\\\/ozenhandles.com\\\/\",\"name\":\"ozen handles\",\"description\":\"Care apart\u2122\",\"publisher\":{\"@id\":\"https:\\\/\\\/ozenhandles.com\\\/#organization\"},\"potentialAction\":[{\"@type\":\"SearchAction\",\"target\":{\"@type\":\"EntryPoint\",\"urlTemplate\":\"https:\\\/\\\/ozenhandles.com\\\/?s={search_term_string}\"},\"query-input\":{\"@type\":\"PropertyValueSpecification\",\"valueRequired\":true,\"valueName\":\"search_term_string\"}}],\"inLanguage\":\"tr\"},{\"@type\":\"Organization\",\"@id\":\"https:\\\/\\\/ozenhandles.com\\\/#organization\",\"name\":\"ozen handles\",\"url\":\"https:\\\/\\\/ozenhandles.com\\\/\",\"logo\":{\"@type\":\"ImageObject\",\"inLanguage\":\"tr\",\"@id\":\"https:\\\/\\\/ozenhandles.com\\\/#\\\/schema\\\/logo\\\/image\\\/\",\"url\":\"https:\\\/\\\/ozenhandles.com\\\/wp-content\\\/uploads\\\/2024\\\/03\\\/ozen.png\",\"contentUrl\":\"https:\\\/\\\/ozenhandles.com\\\/wp-content\\\/uploads\\\/2024\\\/03\\\/ozen.png\",\"width\":1161,\"height\":421,\"caption\":\"ozen handles\"},\"image\":{\"@id\":\"https:\\\/\\\/ozenhandles.com\\\/#\\\/schema\\\/logo\\\/image\\\/\"},\"sameAs\":[\"https:\\\/\\\/www.facebook.com\\\/OzenHandles\\\/\",\"https:\\\/\\\/x.com\\\/ozenhandles\",\"https:\\\/\\\/www.instagram.com\\\/ozenhandles\\\/\"]}]}<\/script>\n<!-- \/ Yoast SEO plugin. -->","yoast_head_json":{"title":"Ozen Wearables | Markal\u0131 Giyim ve Ya\u015fam Tarz\u0131 Aksesuarlar\u0131","description":"Ozen Wearables ile modern tasar\u0131m\u0131 yans\u0131tan \u015f\u0131k giyim ve ya\u015fam tarz\u0131 \u00fcr\u00fcnlerini ke\u015ffedin. Kaliteli i\u015f\u00e7ilik ve estetik bir arada.","robots":{"index":"index","follow":"follow","max-snippet":"max-snippet:-1","max-image-preview":"max-image-preview:large","max-video-preview":"max-video-preview:-1"},"canonical":"https:\/\/ozenhandles.com\/tr\/accessories\/ozen-wearables\/","og_locale":"tr_TR","og_type":"article","og_title":"Ozen Wearables | Branded Apparel & Lifestyle Accessories","og_description":"Explore Ozen Wearables\u2014stylish branded clothing and lifestyle items that reflect modern design, quality craftsmanship, and architectural elegance.","og_url":"https:\/\/ozenhandles.com\/tr\/accessories\/ozen-wearables\/","og_site_name":"\u00f6zen","article_publisher":"https:\/\/www.facebook.com\/OzenHandles\/","article_modified_time":"2025-07-31T12:48:27+00:00","twitter_card":"summary_large_image","twitter_site":"@ozenhandles","schema":{"@context":"https:\/\/schema.org","@graph":[{"@type":"WebPage","@id":"https:\/\/ozenhandles.com\/accessories\/ozen-wearables\/","url":"https:\/\/ozenhandles.com\/accessories\/ozen-wearables\/","name":"Ozen Wearables | Markal\u0131 Giyim ve Ya\u015fam Tarz\u0131 Aksesuarlar\u0131","isPartOf":{"@id":"https:\/\/ozenhandles.com\/#website"},"datePublished":"2024-10-17T14:24:29+00:00","dateModified":"2025-07-31T12:48:27+00:00","description":"Ozen Wearables ile modern tasar\u0131m\u0131 yans\u0131tan \u015f\u0131k giyim ve ya\u015fam tarz\u0131 \u00fcr\u00fcnlerini ke\u015ffedin. Kaliteli i\u015f\u00e7ilik ve estetik bir arada.","breadcrumb":{"@id":"https:\/\/ozenhandles.com\/accessories\/ozen-wearables\/#breadcrumb"},"inLanguage":"tr","potentialAction":[{"@type":"ReadAction","target":["https:\/\/ozenhandles.com\/accessories\/ozen-wearables\/"]}]},{"@type":"BreadcrumbList","@id":"https:\/\/ozenhandles.com\/accessories\/ozen-wearables\/#breadcrumb","itemListElement":[{"@type":"ListItem","position":1,"name":"Home","item":"https:\/\/ozenhandles.com\/"},{"@type":"ListItem","position":2,"name":"Accessories","item":"https:\/\/ozenhandles.com\/accessories\/"},{"@type":"ListItem","position":3,"name":"ozen Wearables"}]},{"@type":"WebSite","@id":"https:\/\/ozenhandles.com\/#website","url":"https:\/\/ozenhandles.com\/","name":"ozen handles","description":"Care apart\u2122","publisher":{"@id":"https:\/\/ozenhandles.com\/#organization"},"potentialAction":[{"@type":"SearchAction","target":{"@type":"EntryPoint","urlTemplate":"https:\/\/ozenhandles.com\/?s={search_term_string}"},"query-input":{"@type":"PropertyValueSpecification","valueRequired":true,"valueName":"search_term_string"}}],"inLanguage":"tr"},{"@type":"Organization","@id":"https:\/\/ozenhandles.com\/#organization","name":"ozen handles","url":"https:\/\/ozenhandles.com\/","logo":{"@type":"ImageObject","inLanguage":"tr","@id":"https:\/\/ozenhandles.com\/#\/schema\/logo\/image\/","url":"https:\/\/ozenhandles.com\/wp-content\/uploads\/2024\/03\/ozen.png","contentUrl":"https:\/\/ozenhandles.com\/wp-content\/uploads\/2024\/03\/ozen.png","width":1161,"height":421,"caption":"ozen handles"},"image":{"@id":"https:\/\/ozenhandles.com\/#\/schema\/logo\/image\/"},"sameAs":["https:\/\/www.facebook.com\/OzenHandles\/","https:\/\/x.com\/ozenhandles","https:\/\/www.instagram.com\/ozenhandles\/"]}]}},"_links":{"self":[{"href":"https:\/\/ozenhandles.com\/tr\/wp-json\/wp\/v2\/pages\/4368","targetHints":{"allow":["GET"]}}],"collection":[{"href":"https:\/\/ozenhandles.com\/tr\/wp-json\/wp\/v2\/pages"}],"about":[{"href":"https:\/\/ozenhandles.com\/tr\/wp-json\/wp\/v2\/types\/page"}],"author":[{"embeddable":true,"href":"https:\/\/ozenhandles.com\/tr\/wp-json\/wp\/v2\/users\/1"}],"replies":[{"embeddable":true,"href":"https:\/\/ozenhandles.com\/tr\/wp-json\/wp\/v2\/comments?post=4368"}],"version-history":[{"count":0,"href":"https:\/\/ozenhandles.com\/tr\/wp-json\/wp\/v2\/pages\/4368\/revisions"}],"up":[{"embeddable":true,"href":"https:\/\/ozenhandles.com\/tr\/wp-json\/wp\/v2\/pages\/385"}],"wp:attachment":[{"href":"https:\/\/ozenhandles.com\/tr\/wp-json\/wp\/v2\/media?parent=4368"}],"curies":[{"name":"wp","href":"https:\/\/api.w.org\/{rel}","templated":true}]}}