{"id":949,"date":"2024-03-31T18:00:01","date_gmt":"2024-03-31T22:00:01","guid":{"rendered":"https:\/\/ozenhandles.com\/?page_id=949"},"modified":"2025-07-31T10:00:21","modified_gmt":"2025-07-31T14:00:21","slug":"pull-bars","status":"publish","type":"page","link":"https:\/\/ozenhandles.com\/tr\/door-hardware\/pull-bars\/","title":{"rendered":"\u00c7ekme"},"content":{"rendered":"","protected":false},"excerpt":{"rendered":"","protected":false},"author":1,"featured_media":0,"parent":381,"menu_order":0,"comment_status":"closed","ping_status":"closed","template":"","meta":{"_acf_changed":false,"footnotes":""},"class_list":["post-949","page","type-page","status-publish","hentry"],"acf":[],"yoast_head":"<!-- This site is optimized with the Yoast SEO plugin v27.5 - https:\/\/yoast.com\/product\/yoast-seo-wordpress\/ -->\n<title>Door Pull Bars | Modern Designs for Any Space | Ozen Handles<\/title>\n<meta name=\"description\" content=\"Discover premium door pull bars by Ozen Handles. Designed for durability and elegance\u2014ideal for residential and commercial interiors.\" \/>\n<meta name=\"robots\" content=\"index, follow, max-snippet:-1, max-image-preview:large, max-video-preview:-1\" \/>\n<link rel=\"canonical\" href=\"https:\/\/ozenhandles.com\/tr\/door-hardware\/pull-bars\/\" \/>\n<meta property=\"og:locale\" content=\"tr_TR\" \/>\n<meta property=\"og:type\" content=\"article\" \/>\n<meta property=\"og:title\" content=\"Door Pull Bars | Modern Designs for Any Space | Ozen Handles\" \/>\n<meta property=\"og:description\" content=\"Discover premium door pull bars by Ozen Handles. Designed for durability and elegance\u2014ideal for residential and commercial interiors.\" \/>\n<meta property=\"og:url\" content=\"https:\/\/ozenhandles.com\/tr\/door-hardware\/pull-bars\/\" \/>\n<meta property=\"og:site_name\" content=\"\u00f6zen\" \/>\n<meta property=\"article:publisher\" content=\"https:\/\/www.facebook.com\/OzenHandles\/\" \/>\n<meta property=\"article:modified_time\" content=\"2025-07-31T14:00:21+00:00\" \/>\n<meta name=\"twitter:card\" content=\"summary_large_image\" \/>\n<meta name=\"twitter:site\" content=\"@ozenhandles\" \/>\n<script type=\"application\/ld+json\" class=\"yoast-schema-graph\">{\"@context\":\"https:\\\/\\\/schema.org\",\"@graph\":[{\"@type\":\"WebPage\",\"@id\":\"https:\\\/\\\/ozenhandles.com\\\/door-hardware\\\/pull-bars\\\/\",\"url\":\"https:\\\/\\\/ozenhandles.com\\\/door-hardware\\\/pull-bars\\\/\",\"name\":\"Door Pull Bars | Modern Designs for Any Space | Ozen Handles\",\"isPartOf\":{\"@id\":\"https:\\\/\\\/ozenhandles.com\\\/#website\"},\"datePublished\":\"2024-03-31T22:00:01+00:00\",\"dateModified\":\"2025-07-31T14:00:21+00:00\",\"description\":\"Discover premium door pull bars by Ozen Handles. Designed for durability and elegance\u2014ideal for residential and commercial interiors.\",\"breadcrumb\":{\"@id\":\"https:\\\/\\\/ozenhandles.com\\\/door-hardware\\\/pull-bars\\\/#breadcrumb\"},\"inLanguage\":\"tr\",\"potentialAction\":[{\"@type\":\"ReadAction\",\"target\":[\"https:\\\/\\\/ozenhandles.com\\\/door-hardware\\\/pull-bars\\\/\"]}]},{\"@type\":\"BreadcrumbList\",\"@id\":\"https:\\\/\\\/ozenhandles.com\\\/door-hardware\\\/pull-bars\\\/#breadcrumb\",\"itemListElement\":[{\"@type\":\"ListItem\",\"position\":1,\"name\":\"Home\",\"item\":\"https:\\\/\\\/ozenhandles.com\\\/\"},{\"@type\":\"ListItem\",\"position\":2,\"name\":\"Door Hardware\",\"item\":\"https:\\\/\\\/ozenhandles.com\\\/door-hardware\\\/\"},{\"@type\":\"ListItem\",\"position\":3,\"name\":\"Pull Bars\"}]},{\"@type\":\"WebSite\",\"@id\":\"https:\\\/\\\/ozenhandles.com\\\/#website\",\"url\":\"https:\\\/\\\/ozenhandles.com\\\/\",\"name\":\"ozen handles\",\"description\":\"Care apart\u2122\",\"publisher\":{\"@id\":\"https:\\\/\\\/ozenhandles.com\\\/#organization\"},\"potentialAction\":[{\"@type\":\"SearchAction\",\"target\":{\"@type\":\"EntryPoint\",\"urlTemplate\":\"https:\\\/\\\/ozenhandles.com\\\/?s={search_term_string}\"},\"query-input\":{\"@type\":\"PropertyValueSpecification\",\"valueRequired\":true,\"valueName\":\"search_term_string\"}}],\"inLanguage\":\"tr\"},{\"@type\":\"Organization\",\"@id\":\"https:\\\/\\\/ozenhandles.com\\\/#organization\",\"name\":\"ozen handles\",\"url\":\"https:\\\/\\\/ozenhandles.com\\\/\",\"logo\":{\"@type\":\"ImageObject\",\"inLanguage\":\"tr\",\"@id\":\"https:\\\/\\\/ozenhandles.com\\\/#\\\/schema\\\/logo\\\/image\\\/\",\"url\":\"https:\\\/\\\/ozenhandles.com\\\/wp-content\\\/uploads\\\/2024\\\/03\\\/ozen.png\",\"contentUrl\":\"https:\\\/\\\/ozenhandles.com\\\/wp-content\\\/uploads\\\/2024\\\/03\\\/ozen.png\",\"width\":1161,\"height\":421,\"caption\":\"ozen handles\"},\"image\":{\"@id\":\"https:\\\/\\\/ozenhandles.com\\\/#\\\/schema\\\/logo\\\/image\\\/\"},\"sameAs\":[\"https:\\\/\\\/www.facebook.com\\\/OzenHandles\\\/\",\"https:\\\/\\\/x.com\\\/ozenhandles\",\"https:\\\/\\\/www.instagram.com\\\/ozenhandles\\\/\"]}]}<\/script>\n<!-- \/ Yoast SEO plugin. -->","yoast_head_json":{"title":"Kap\u0131 \u00c7ekme Kollar\u0131 | Modern ve \u015e\u0131k Tasar\u0131mlar | Ozen Handles","description":"Ozen Handles kap\u0131 \u00e7ekme kollar\u0131yla tarz\u0131n\u0131z\u0131 yans\u0131t\u0131n. Dayan\u0131kl\u0131, estetik ve her mek\u00e2na uyum sa\u011flayan modern tasar\u0131mlar.","robots":{"index":"index","follow":"follow","max-snippet":"max-snippet:-1","max-image-preview":"max-image-preview:large","max-video-preview":"max-video-preview:-1"},"canonical":"https:\/\/ozenhandles.com\/tr\/door-hardware\/pull-bars\/","og_locale":"tr_TR","og_type":"article","og_title":"Door Pull Bars | Modern Designs for Any Space | Ozen Handles","og_description":"Discover premium door pull bars by Ozen Handles. Designed for durability and elegance\u2014ideal for residential and commercial interiors.","og_url":"https:\/\/ozenhandles.com\/tr\/door-hardware\/pull-bars\/","og_site_name":"\u00f6zen","article_publisher":"https:\/\/www.facebook.com\/OzenHandles\/","article_modified_time":"2025-07-31T14:00:21+00:00","twitter_card":"summary_large_image","twitter_site":"@ozenhandles","schema":{"@context":"https:\/\/schema.org","@graph":[{"@type":"WebPage","@id":"https:\/\/ozenhandles.com\/door-hardware\/pull-bars\/","url":"https:\/\/ozenhandles.com\/door-hardware\/pull-bars\/","name":"Kap\u0131 \u00c7ekme Kollar\u0131 | Modern ve \u015e\u0131k Tasar\u0131mlar | Ozen Handles","isPartOf":{"@id":"https:\/\/ozenhandles.com\/#website"},"datePublished":"2024-03-31T22:00:01+00:00","dateModified":"2025-07-31T14:00:21+00:00","description":"Ozen Handles kap\u0131 \u00e7ekme kollar\u0131yla tarz\u0131n\u0131z\u0131 yans\u0131t\u0131n. Dayan\u0131kl\u0131, estetik ve her mek\u00e2na uyum sa\u011flayan modern tasar\u0131mlar.","breadcrumb":{"@id":"https:\/\/ozenhandles.com\/door-hardware\/pull-bars\/#breadcrumb"},"inLanguage":"tr","potentialAction":[{"@type":"ReadAction","target":["https:\/\/ozenhandles.com\/door-hardware\/pull-bars\/"]}]},{"@type":"BreadcrumbList","@id":"https:\/\/ozenhandles.com\/door-hardware\/pull-bars\/#breadcrumb","itemListElement":[{"@type":"ListItem","position":1,"name":"Home","item":"https:\/\/ozenhandles.com\/"},{"@type":"ListItem","position":2,"name":"Door Hardware","item":"https:\/\/ozenhandles.com\/door-hardware\/"},{"@type":"ListItem","position":3,"name":"Pull Bars"}]},{"@type":"WebSite","@id":"https:\/\/ozenhandles.com\/#website","url":"https:\/\/ozenhandles.com\/","name":"ozen handles","description":"Care apart\u2122","publisher":{"@id":"https:\/\/ozenhandles.com\/#organization"},"potentialAction":[{"@type":"SearchAction","target":{"@type":"EntryPoint","urlTemplate":"https:\/\/ozenhandles.com\/?s={search_term_string}"},"query-input":{"@type":"PropertyValueSpecification","valueRequired":true,"valueName":"search_term_string"}}],"inLanguage":"tr"},{"@type":"Organization","@id":"https:\/\/ozenhandles.com\/#organization","name":"ozen handles","url":"https:\/\/ozenhandles.com\/","logo":{"@type":"ImageObject","inLanguage":"tr","@id":"https:\/\/ozenhandles.com\/#\/schema\/logo\/image\/","url":"https:\/\/ozenhandles.com\/wp-content\/uploads\/2024\/03\/ozen.png","contentUrl":"https:\/\/ozenhandles.com\/wp-content\/uploads\/2024\/03\/ozen.png","width":1161,"height":421,"caption":"ozen handles"},"image":{"@id":"https:\/\/ozenhandles.com\/#\/schema\/logo\/image\/"},"sameAs":["https:\/\/www.facebook.com\/OzenHandles\/","https:\/\/x.com\/ozenhandles","https:\/\/www.instagram.com\/ozenhandles\/"]}]}},"_links":{"self":[{"href":"https:\/\/ozenhandles.com\/tr\/wp-json\/wp\/v2\/pages\/949","targetHints":{"allow":["GET"]}}],"collection":[{"href":"https:\/\/ozenhandles.com\/tr\/wp-json\/wp\/v2\/pages"}],"about":[{"href":"https:\/\/ozenhandles.com\/tr\/wp-json\/wp\/v2\/types\/page"}],"author":[{"embeddable":true,"href":"https:\/\/ozenhandles.com\/tr\/wp-json\/wp\/v2\/users\/1"}],"replies":[{"embeddable":true,"href":"https:\/\/ozenhandles.com\/tr\/wp-json\/wp\/v2\/comments?post=949"}],"version-history":[{"count":0,"href":"https:\/\/ozenhandles.com\/tr\/wp-json\/wp\/v2\/pages\/949\/revisions"}],"up":[{"embeddable":true,"href":"https:\/\/ozenhandles.com\/tr\/wp-json\/wp\/v2\/pages\/381"}],"wp:attachment":[{"href":"https:\/\/ozenhandles.com\/tr\/wp-json\/wp\/v2\/media?parent=949"}],"curies":[{"name":"wp","href":"https:\/\/api.w.org\/{rel}","templated":true}]}}