{"id":972,"date":"2024-04-01T09:43:42","date_gmt":"2024-04-01T13:43:42","guid":{"rendered":"https:\/\/ozenhandles.com\/?page_id=972"},"modified":"2025-07-31T09:42:28","modified_gmt":"2025-07-31T13:42:28","slug":"hinges","status":"publish","type":"page","link":"https:\/\/ozenhandles.com\/tr\/door-hardware\/hinges\/","title":{"rendered":"Mente\u015feler"},"content":{"rendered":"","protected":false},"excerpt":{"rendered":"","protected":false},"author":1,"featured_media":0,"parent":381,"menu_order":0,"comment_status":"closed","ping_status":"closed","template":"","meta":{"_acf_changed":false,"footnotes":""},"class_list":["post-972","page","type-page","status-publish","hentry"],"acf":[],"yoast_head":"<!-- This site is optimized with the Yoast SEO plugin v27.5 - https:\/\/yoast.com\/product\/yoast-seo-wordpress\/ -->\n<title>Door Hinges | Durable &amp; Stylish Hinge Solutions | Ozen Handles<\/title>\n<meta name=\"description\" content=\"Discover premium door hinges by Ozen Handles. Reliable, smooth-functioning designs that combine durability with a clean, modern aesthetic.\" \/>\n<meta name=\"robots\" content=\"index, follow, max-snippet:-1, max-image-preview:large, max-video-preview:-1\" \/>\n<link rel=\"canonical\" href=\"https:\/\/ozenhandles.com\/tr\/door-hardware\/hinges\/\" \/>\n<meta property=\"og:locale\" content=\"tr_TR\" \/>\n<meta property=\"og:type\" content=\"article\" \/>\n<meta property=\"og:title\" content=\"Door Hinges | Durable &amp; Stylish Hinge Solutions | Ozen Handles\" \/>\n<meta property=\"og:description\" content=\"Discover premium door hinges by Ozen Handles. Reliable, smooth-functioning designs that combine durability with a clean, modern aesthetic.\" \/>\n<meta property=\"og:url\" content=\"https:\/\/ozenhandles.com\/tr\/door-hardware\/hinges\/\" \/>\n<meta property=\"og:site_name\" content=\"\u00f6zen\" \/>\n<meta property=\"article:publisher\" content=\"https:\/\/www.facebook.com\/OzenHandles\/\" \/>\n<meta property=\"article:modified_time\" content=\"2025-07-31T13:42:28+00:00\" \/>\n<meta name=\"twitter:card\" content=\"summary_large_image\" \/>\n<meta name=\"twitter:site\" content=\"@ozenhandles\" \/>\n<script type=\"application\/ld+json\" class=\"yoast-schema-graph\">{\"@context\":\"https:\\\/\\\/schema.org\",\"@graph\":[{\"@type\":\"WebPage\",\"@id\":\"https:\\\/\\\/ozenhandles.com\\\/door-hardware\\\/hinges\\\/\",\"url\":\"https:\\\/\\\/ozenhandles.com\\\/door-hardware\\\/hinges\\\/\",\"name\":\"Door Hinges | Durable & Stylish Hinge Solutions | Ozen Handles\",\"isPartOf\":{\"@id\":\"https:\\\/\\\/ozenhandles.com\\\/#website\"},\"datePublished\":\"2024-04-01T13:43:42+00:00\",\"dateModified\":\"2025-07-31T13:42:28+00:00\",\"description\":\"Discover premium door hinges by Ozen Handles. Reliable, smooth-functioning designs that combine durability with a clean, modern aesthetic.\",\"breadcrumb\":{\"@id\":\"https:\\\/\\\/ozenhandles.com\\\/door-hardware\\\/hinges\\\/#breadcrumb\"},\"inLanguage\":\"tr\",\"potentialAction\":[{\"@type\":\"ReadAction\",\"target\":[\"https:\\\/\\\/ozenhandles.com\\\/door-hardware\\\/hinges\\\/\"]}]},{\"@type\":\"BreadcrumbList\",\"@id\":\"https:\\\/\\\/ozenhandles.com\\\/door-hardware\\\/hinges\\\/#breadcrumb\",\"itemListElement\":[{\"@type\":\"ListItem\",\"position\":1,\"name\":\"Home\",\"item\":\"https:\\\/\\\/ozenhandles.com\\\/\"},{\"@type\":\"ListItem\",\"position\":2,\"name\":\"Door Hardware\",\"item\":\"https:\\\/\\\/ozenhandles.com\\\/door-hardware\\\/\"},{\"@type\":\"ListItem\",\"position\":3,\"name\":\"Hinges\"}]},{\"@type\":\"WebSite\",\"@id\":\"https:\\\/\\\/ozenhandles.com\\\/#website\",\"url\":\"https:\\\/\\\/ozenhandles.com\\\/\",\"name\":\"ozen handles\",\"description\":\"Care apart\u2122\",\"publisher\":{\"@id\":\"https:\\\/\\\/ozenhandles.com\\\/#organization\"},\"potentialAction\":[{\"@type\":\"SearchAction\",\"target\":{\"@type\":\"EntryPoint\",\"urlTemplate\":\"https:\\\/\\\/ozenhandles.com\\\/?s={search_term_string}\"},\"query-input\":{\"@type\":\"PropertyValueSpecification\",\"valueRequired\":true,\"valueName\":\"search_term_string\"}}],\"inLanguage\":\"tr\"},{\"@type\":\"Organization\",\"@id\":\"https:\\\/\\\/ozenhandles.com\\\/#organization\",\"name\":\"ozen handles\",\"url\":\"https:\\\/\\\/ozenhandles.com\\\/\",\"logo\":{\"@type\":\"ImageObject\",\"inLanguage\":\"tr\",\"@id\":\"https:\\\/\\\/ozenhandles.com\\\/#\\\/schema\\\/logo\\\/image\\\/\",\"url\":\"https:\\\/\\\/ozenhandles.com\\\/wp-content\\\/uploads\\\/2024\\\/03\\\/ozen.png\",\"contentUrl\":\"https:\\\/\\\/ozenhandles.com\\\/wp-content\\\/uploads\\\/2024\\\/03\\\/ozen.png\",\"width\":1161,\"height\":421,\"caption\":\"ozen handles\"},\"image\":{\"@id\":\"https:\\\/\\\/ozenhandles.com\\\/#\\\/schema\\\/logo\\\/image\\\/\"},\"sameAs\":[\"https:\\\/\\\/www.facebook.com\\\/OzenHandles\\\/\",\"https:\\\/\\\/x.com\\\/ozenhandles\",\"https:\\\/\\\/www.instagram.com\\\/ozenhandles\\\/\"]}]}<\/script>\n<!-- \/ Yoast SEO plugin. -->","yoast_head_json":{"title":"Kap\u0131 Mente\u015feleri | Dayan\u0131kl\u0131 ve \u015e\u0131k \u00c7\u00f6z\u00fcmler | Ozen Handles","description":"Ozen Handles kap\u0131 mente\u015feleri ile tan\u0131\u015f\u0131n. Dayan\u0131kl\u0131, sessiz \u00e7al\u0131\u015fan ve modern tasar\u0131ml\u0131 mente\u015felerle kap\u0131lar\u0131n\u0131z\u0131 m\u00fckemmelle\u015ftirin.","robots":{"index":"index","follow":"follow","max-snippet":"max-snippet:-1","max-image-preview":"max-image-preview:large","max-video-preview":"max-video-preview:-1"},"canonical":"https:\/\/ozenhandles.com\/tr\/door-hardware\/hinges\/","og_locale":"tr_TR","og_type":"article","og_title":"Door Hinges | Durable & Stylish Hinge Solutions | Ozen Handles","og_description":"Discover premium door hinges by Ozen Handles. Reliable, smooth-functioning designs that combine durability with a clean, modern aesthetic.","og_url":"https:\/\/ozenhandles.com\/tr\/door-hardware\/hinges\/","og_site_name":"\u00f6zen","article_publisher":"https:\/\/www.facebook.com\/OzenHandles\/","article_modified_time":"2025-07-31T13:42:28+00:00","twitter_card":"summary_large_image","twitter_site":"@ozenhandles","schema":{"@context":"https:\/\/schema.org","@graph":[{"@type":"WebPage","@id":"https:\/\/ozenhandles.com\/door-hardware\/hinges\/","url":"https:\/\/ozenhandles.com\/door-hardware\/hinges\/","name":"Kap\u0131 Mente\u015feleri | Dayan\u0131kl\u0131 ve \u015e\u0131k \u00c7\u00f6z\u00fcmler | Ozen Handles","isPartOf":{"@id":"https:\/\/ozenhandles.com\/#website"},"datePublished":"2024-04-01T13:43:42+00:00","dateModified":"2025-07-31T13:42:28+00:00","description":"Ozen Handles kap\u0131 mente\u015feleri ile tan\u0131\u015f\u0131n. Dayan\u0131kl\u0131, sessiz \u00e7al\u0131\u015fan ve modern tasar\u0131ml\u0131 mente\u015felerle kap\u0131lar\u0131n\u0131z\u0131 m\u00fckemmelle\u015ftirin.","breadcrumb":{"@id":"https:\/\/ozenhandles.com\/door-hardware\/hinges\/#breadcrumb"},"inLanguage":"tr","potentialAction":[{"@type":"ReadAction","target":["https:\/\/ozenhandles.com\/door-hardware\/hinges\/"]}]},{"@type":"BreadcrumbList","@id":"https:\/\/ozenhandles.com\/door-hardware\/hinges\/#breadcrumb","itemListElement":[{"@type":"ListItem","position":1,"name":"Home","item":"https:\/\/ozenhandles.com\/"},{"@type":"ListItem","position":2,"name":"Door Hardware","item":"https:\/\/ozenhandles.com\/door-hardware\/"},{"@type":"ListItem","position":3,"name":"Hinges"}]},{"@type":"WebSite","@id":"https:\/\/ozenhandles.com\/#website","url":"https:\/\/ozenhandles.com\/","name":"ozen handles","description":"Care apart\u2122","publisher":{"@id":"https:\/\/ozenhandles.com\/#organization"},"potentialAction":[{"@type":"SearchAction","target":{"@type":"EntryPoint","urlTemplate":"https:\/\/ozenhandles.com\/?s={search_term_string}"},"query-input":{"@type":"PropertyValueSpecification","valueRequired":true,"valueName":"search_term_string"}}],"inLanguage":"tr"},{"@type":"Organization","@id":"https:\/\/ozenhandles.com\/#organization","name":"ozen handles","url":"https:\/\/ozenhandles.com\/","logo":{"@type":"ImageObject","inLanguage":"tr","@id":"https:\/\/ozenhandles.com\/#\/schema\/logo\/image\/","url":"https:\/\/ozenhandles.com\/wp-content\/uploads\/2024\/03\/ozen.png","contentUrl":"https:\/\/ozenhandles.com\/wp-content\/uploads\/2024\/03\/ozen.png","width":1161,"height":421,"caption":"ozen handles"},"image":{"@id":"https:\/\/ozenhandles.com\/#\/schema\/logo\/image\/"},"sameAs":["https:\/\/www.facebook.com\/OzenHandles\/","https:\/\/x.com\/ozenhandles","https:\/\/www.instagram.com\/ozenhandles\/"]}]}},"_links":{"self":[{"href":"https:\/\/ozenhandles.com\/tr\/wp-json\/wp\/v2\/pages\/972","targetHints":{"allow":["GET"]}}],"collection":[{"href":"https:\/\/ozenhandles.com\/tr\/wp-json\/wp\/v2\/pages"}],"about":[{"href":"https:\/\/ozenhandles.com\/tr\/wp-json\/wp\/v2\/types\/page"}],"author":[{"embeddable":true,"href":"https:\/\/ozenhandles.com\/tr\/wp-json\/wp\/v2\/users\/1"}],"replies":[{"embeddable":true,"href":"https:\/\/ozenhandles.com\/tr\/wp-json\/wp\/v2\/comments?post=972"}],"version-history":[{"count":0,"href":"https:\/\/ozenhandles.com\/tr\/wp-json\/wp\/v2\/pages\/972\/revisions"}],"up":[{"embeddable":true,"href":"https:\/\/ozenhandles.com\/tr\/wp-json\/wp\/v2\/pages\/381"}],"wp:attachment":[{"href":"https:\/\/ozenhandles.com\/tr\/wp-json\/wp\/v2\/media?parent=972"}],"curies":[{"name":"wp","href":"https:\/\/api.w.org\/{rel}","templated":true}]}}