{"id":995,"date":"2024-04-01T10:28:39","date_gmt":"2024-04-01T14:28:39","guid":{"rendered":"https:\/\/ozenhandles.com\/?page_id=995"},"modified":"2025-10-28T09:18:53","modified_gmt":"2025-10-28T13:18:53","slug":"bars","status":"publish","type":"page","link":"https:\/\/ozenhandles.com\/tr\/furniture-hardware\/bars\/","title":{"rendered":"Kulplar"},"content":{"rendered":"","protected":false},"excerpt":{"rendered":"","protected":false},"author":1,"featured_media":0,"parent":383,"menu_order":0,"comment_status":"closed","ping_status":"closed","template":"","meta":{"_acf_changed":false,"footnotes":""},"class_list":["post-995","page","type-page","status-publish","hentry"],"acf":[],"yoast_head":"<!-- This site is optimized with the Yoast SEO plugin v27.5 - https:\/\/yoast.com\/product\/yoast-seo-wordpress\/ -->\n<title>Furniture Bars | Pull Handles for Cabinets | Ozen Handles<\/title>\n<meta name=\"description\" content=\"Upgrade your furniture with Ozen Handles\u2019 premium bars modern pull handles designed for cabinets, wardrobes, and drawers with timeless elegance.\" \/>\n<meta name=\"robots\" content=\"index, follow, max-snippet:-1, max-image-preview:large, max-video-preview:-1\" \/>\n<link rel=\"canonical\" href=\"https:\/\/ozenhandles.com\/tr\/furniture-hardware\/bars\/\" \/>\n<meta property=\"og:locale\" content=\"tr_TR\" \/>\n<meta property=\"og:type\" content=\"article\" \/>\n<meta property=\"og:title\" content=\"Furniture Bars | Pull Handles for Cabinets | Ozen Handles\" \/>\n<meta property=\"og:description\" content=\"Upgrade your furniture with Ozen Handles\u2019 premium bars modern pull handles designed for cabinets, wardrobes, and drawers with timeless elegance.\" \/>\n<meta property=\"og:url\" content=\"https:\/\/ozenhandles.com\/tr\/furniture-hardware\/bars\/\" \/>\n<meta property=\"og:site_name\" content=\"\u00f6zen\" \/>\n<meta property=\"article:publisher\" content=\"https:\/\/www.facebook.com\/OzenHandles\/\" \/>\n<meta property=\"article:modified_time\" content=\"2025-10-28T13:18:53+00:00\" \/>\n<meta name=\"twitter:card\" content=\"summary_large_image\" \/>\n<meta name=\"twitter:site\" content=\"@ozenhandles\" \/>\n<script type=\"application\/ld+json\" class=\"yoast-schema-graph\">{\"@context\":\"https:\\\/\\\/schema.org\",\"@graph\":[{\"@type\":\"WebPage\",\"@id\":\"https:\\\/\\\/ozenhandles.com\\\/furniture-hardware\\\/bars\\\/\",\"url\":\"https:\\\/\\\/ozenhandles.com\\\/furniture-hardware\\\/bars\\\/\",\"name\":\"Furniture Bars | Pull Handles for Cabinets | Ozen Handles\",\"isPartOf\":{\"@id\":\"https:\\\/\\\/ozenhandles.com\\\/#website\"},\"datePublished\":\"2024-04-01T14:28:39+00:00\",\"dateModified\":\"2025-10-28T13:18:53+00:00\",\"description\":\"Upgrade your furniture with Ozen Handles\u2019 premium bars modern pull handles designed for cabinets, wardrobes, and drawers with timeless elegance.\",\"breadcrumb\":{\"@id\":\"https:\\\/\\\/ozenhandles.com\\\/furniture-hardware\\\/bars\\\/#breadcrumb\"},\"inLanguage\":\"tr\",\"potentialAction\":[{\"@type\":\"ReadAction\",\"target\":[\"https:\\\/\\\/ozenhandles.com\\\/furniture-hardware\\\/bars\\\/\"]}]},{\"@type\":\"BreadcrumbList\",\"@id\":\"https:\\\/\\\/ozenhandles.com\\\/furniture-hardware\\\/bars\\\/#breadcrumb\",\"itemListElement\":[{\"@type\":\"ListItem\",\"position\":1,\"name\":\"Home\",\"item\":\"https:\\\/\\\/ozenhandles.com\\\/\"},{\"@type\":\"ListItem\",\"position\":2,\"name\":\"Furniture Hardware\",\"item\":\"https:\\\/\\\/ozenhandles.com\\\/furniture-hardware\\\/\"},{\"@type\":\"ListItem\",\"position\":3,\"name\":\"Bars\"}]},{\"@type\":\"WebSite\",\"@id\":\"https:\\\/\\\/ozenhandles.com\\\/#website\",\"url\":\"https:\\\/\\\/ozenhandles.com\\\/\",\"name\":\"ozen handles\",\"description\":\"Care apart\u2122\",\"publisher\":{\"@id\":\"https:\\\/\\\/ozenhandles.com\\\/#organization\"},\"potentialAction\":[{\"@type\":\"SearchAction\",\"target\":{\"@type\":\"EntryPoint\",\"urlTemplate\":\"https:\\\/\\\/ozenhandles.com\\\/?s={search_term_string}\"},\"query-input\":{\"@type\":\"PropertyValueSpecification\",\"valueRequired\":true,\"valueName\":\"search_term_string\"}}],\"inLanguage\":\"tr\"},{\"@type\":\"Organization\",\"@id\":\"https:\\\/\\\/ozenhandles.com\\\/#organization\",\"name\":\"ozen handles\",\"url\":\"https:\\\/\\\/ozenhandles.com\\\/\",\"logo\":{\"@type\":\"ImageObject\",\"inLanguage\":\"tr\",\"@id\":\"https:\\\/\\\/ozenhandles.com\\\/#\\\/schema\\\/logo\\\/image\\\/\",\"url\":\"https:\\\/\\\/ozenhandles.com\\\/wp-content\\\/uploads\\\/2024\\\/03\\\/ozen.png\",\"contentUrl\":\"https:\\\/\\\/ozenhandles.com\\\/wp-content\\\/uploads\\\/2024\\\/03\\\/ozen.png\",\"width\":1161,\"height\":421,\"caption\":\"ozen handles\"},\"image\":{\"@id\":\"https:\\\/\\\/ozenhandles.com\\\/#\\\/schema\\\/logo\\\/image\\\/\"},\"sameAs\":[\"https:\\\/\\\/www.facebook.com\\\/OzenHandles\\\/\",\"https:\\\/\\\/x.com\\\/ozenhandles\",\"https:\\\/\\\/www.instagram.com\\\/ozenhandles\\\/\"]}]}<\/script>\n<!-- \/ Yoast SEO plugin. -->","yoast_head_json":{"title":"Mobilya Bar Kulplar\u0131 | \u015e\u0131k ve Modern \u00c7ekme Kollar\u0131 | Ozen Handles","description":"Ozen Handles bar kulplar\u0131yla mobilyalar\u0131n\u0131za \u015f\u0131kl\u0131k kat\u0131n. Dolap, \u00e7ekmece ve gard\u0131roplar i\u00e7in modern ve zarif tasar\u0131mlar.","robots":{"index":"index","follow":"follow","max-snippet":"max-snippet:-1","max-image-preview":"max-image-preview:large","max-video-preview":"max-video-preview:-1"},"canonical":"https:\/\/ozenhandles.com\/tr\/furniture-hardware\/bars\/","og_locale":"tr_TR","og_type":"article","og_title":"Furniture Bars | Pull Handles for Cabinets | Ozen Handles","og_description":"Upgrade your furniture with Ozen Handles\u2019 premium bars modern pull handles designed for cabinets, wardrobes, and drawers with timeless elegance.","og_url":"https:\/\/ozenhandles.com\/tr\/furniture-hardware\/bars\/","og_site_name":"\u00f6zen","article_publisher":"https:\/\/www.facebook.com\/OzenHandles\/","article_modified_time":"2025-10-28T13:18:53+00:00","twitter_card":"summary_large_image","twitter_site":"@ozenhandles","schema":{"@context":"https:\/\/schema.org","@graph":[{"@type":"WebPage","@id":"https:\/\/ozenhandles.com\/furniture-hardware\/bars\/","url":"https:\/\/ozenhandles.com\/furniture-hardware\/bars\/","name":"Mobilya Bar Kulplar\u0131 | \u015e\u0131k ve Modern \u00c7ekme Kollar\u0131 | Ozen Handles","isPartOf":{"@id":"https:\/\/ozenhandles.com\/#website"},"datePublished":"2024-04-01T14:28:39+00:00","dateModified":"2025-10-28T13:18:53+00:00","description":"Ozen Handles bar kulplar\u0131yla mobilyalar\u0131n\u0131za \u015f\u0131kl\u0131k kat\u0131n. Dolap, \u00e7ekmece ve gard\u0131roplar i\u00e7in modern ve zarif tasar\u0131mlar.","breadcrumb":{"@id":"https:\/\/ozenhandles.com\/furniture-hardware\/bars\/#breadcrumb"},"inLanguage":"tr","potentialAction":[{"@type":"ReadAction","target":["https:\/\/ozenhandles.com\/furniture-hardware\/bars\/"]}]},{"@type":"BreadcrumbList","@id":"https:\/\/ozenhandles.com\/furniture-hardware\/bars\/#breadcrumb","itemListElement":[{"@type":"ListItem","position":1,"name":"Home","item":"https:\/\/ozenhandles.com\/"},{"@type":"ListItem","position":2,"name":"Furniture Hardware","item":"https:\/\/ozenhandles.com\/furniture-hardware\/"},{"@type":"ListItem","position":3,"name":"Bars"}]},{"@type":"WebSite","@id":"https:\/\/ozenhandles.com\/#website","url":"https:\/\/ozenhandles.com\/","name":"ozen handles","description":"Care apart\u2122","publisher":{"@id":"https:\/\/ozenhandles.com\/#organization"},"potentialAction":[{"@type":"SearchAction","target":{"@type":"EntryPoint","urlTemplate":"https:\/\/ozenhandles.com\/?s={search_term_string}"},"query-input":{"@type":"PropertyValueSpecification","valueRequired":true,"valueName":"search_term_string"}}],"inLanguage":"tr"},{"@type":"Organization","@id":"https:\/\/ozenhandles.com\/#organization","name":"ozen handles","url":"https:\/\/ozenhandles.com\/","logo":{"@type":"ImageObject","inLanguage":"tr","@id":"https:\/\/ozenhandles.com\/#\/schema\/logo\/image\/","url":"https:\/\/ozenhandles.com\/wp-content\/uploads\/2024\/03\/ozen.png","contentUrl":"https:\/\/ozenhandles.com\/wp-content\/uploads\/2024\/03\/ozen.png","width":1161,"height":421,"caption":"ozen handles"},"image":{"@id":"https:\/\/ozenhandles.com\/#\/schema\/logo\/image\/"},"sameAs":["https:\/\/www.facebook.com\/OzenHandles\/","https:\/\/x.com\/ozenhandles","https:\/\/www.instagram.com\/ozenhandles\/"]}]}},"_links":{"self":[{"href":"https:\/\/ozenhandles.com\/tr\/wp-json\/wp\/v2\/pages\/995","targetHints":{"allow":["GET"]}}],"collection":[{"href":"https:\/\/ozenhandles.com\/tr\/wp-json\/wp\/v2\/pages"}],"about":[{"href":"https:\/\/ozenhandles.com\/tr\/wp-json\/wp\/v2\/types\/page"}],"author":[{"embeddable":true,"href":"https:\/\/ozenhandles.com\/tr\/wp-json\/wp\/v2\/users\/1"}],"replies":[{"embeddable":true,"href":"https:\/\/ozenhandles.com\/tr\/wp-json\/wp\/v2\/comments?post=995"}],"version-history":[{"count":1,"href":"https:\/\/ozenhandles.com\/tr\/wp-json\/wp\/v2\/pages\/995\/revisions"}],"predecessor-version":[{"id":4918,"href":"https:\/\/ozenhandles.com\/tr\/wp-json\/wp\/v2\/pages\/995\/revisions\/4918"}],"up":[{"embeddable":true,"href":"https:\/\/ozenhandles.com\/tr\/wp-json\/wp\/v2\/pages\/383"}],"wp:attachment":[{"href":"https:\/\/ozenhandles.com\/tr\/wp-json\/wp\/v2\/media?parent=995"}],"curies":[{"name":"wp","href":"https:\/\/api.w.org\/{rel}","templated":true}]}}