{"id":997,"date":"2024-04-01T10:31:09","date_gmt":"2024-04-01T14:31:09","guid":{"rendered":"https:\/\/ozenhandles.com\/?page_id=997"},"modified":"2025-07-31T10:29:20","modified_gmt":"2025-07-31T14:29:20","slug":"knobs","status":"publish","type":"page","link":"https:\/\/ozenhandles.com\/tr\/furniture-hardware\/knobs\/","title":{"rendered":"Topuzlar"},"content":{"rendered":"","protected":false},"excerpt":{"rendered":"","protected":false},"author":1,"featured_media":0,"parent":383,"menu_order":0,"comment_status":"closed","ping_status":"closed","template":"","meta":{"_acf_changed":false,"footnotes":""},"class_list":["post-997","page","type-page","status-publish","hentry"],"acf":[],"yoast_head":"<!-- This site is optimized with the Yoast SEO plugin v27.5 - https:\/\/yoast.com\/product\/yoast-seo-wordpress\/ -->\n<title>Furniture Knobs | Cabinet &amp; Drawer Knobs | Ozen Handles<\/title>\n<meta name=\"description\" content=\"Elevate your furniture with Ozen Handles&#039; designer knobs\u2014perfect for cabinets, drawers, and wardrobes in modern or classic interiors.\" \/>\n<meta name=\"robots\" content=\"index, follow, max-snippet:-1, max-image-preview:large, max-video-preview:-1\" \/>\n<link rel=\"canonical\" href=\"https:\/\/ozenhandles.com\/tr\/furniture-hardware\/knobs\/\" \/>\n<meta property=\"og:locale\" content=\"tr_TR\" \/>\n<meta property=\"og:type\" content=\"article\" \/>\n<meta property=\"og:title\" content=\"Furniture Knobs | Cabinet &amp; Drawer Knobs | Ozen Handles\" \/>\n<meta property=\"og:description\" content=\"Elevate your furniture with Ozen Handles&#039; designer knobs\u2014perfect for cabinets, drawers, and wardrobes in modern or classic interiors.\" \/>\n<meta property=\"og:url\" content=\"https:\/\/ozenhandles.com\/tr\/furniture-hardware\/knobs\/\" \/>\n<meta property=\"og:site_name\" content=\"\u00f6zen\" \/>\n<meta property=\"article:publisher\" content=\"https:\/\/www.facebook.com\/OzenHandles\/\" \/>\n<meta property=\"article:modified_time\" content=\"2025-07-31T14:29:20+00:00\" \/>\n<meta name=\"twitter:card\" content=\"summary_large_image\" \/>\n<meta name=\"twitter:site\" content=\"@ozenhandles\" \/>\n<script type=\"application\/ld+json\" class=\"yoast-schema-graph\">{\"@context\":\"https:\\\/\\\/schema.org\",\"@graph\":[{\"@type\":\"WebPage\",\"@id\":\"https:\\\/\\\/ozenhandles.com\\\/furniture-hardware\\\/knobs\\\/\",\"url\":\"https:\\\/\\\/ozenhandles.com\\\/furniture-hardware\\\/knobs\\\/\",\"name\":\"Furniture Knobs | Cabinet & Drawer Knobs | Ozen Handles\",\"isPartOf\":{\"@id\":\"https:\\\/\\\/ozenhandles.com\\\/#website\"},\"datePublished\":\"2024-04-01T14:31:09+00:00\",\"dateModified\":\"2025-07-31T14:29:20+00:00\",\"description\":\"Elevate your furniture with Ozen Handles' designer knobs\u2014perfect for cabinets, drawers, and wardrobes in modern or classic interiors.\",\"breadcrumb\":{\"@id\":\"https:\\\/\\\/ozenhandles.com\\\/furniture-hardware\\\/knobs\\\/#breadcrumb\"},\"inLanguage\":\"tr\",\"potentialAction\":[{\"@type\":\"ReadAction\",\"target\":[\"https:\\\/\\\/ozenhandles.com\\\/furniture-hardware\\\/knobs\\\/\"]}]},{\"@type\":\"BreadcrumbList\",\"@id\":\"https:\\\/\\\/ozenhandles.com\\\/furniture-hardware\\\/knobs\\\/#breadcrumb\",\"itemListElement\":[{\"@type\":\"ListItem\",\"position\":1,\"name\":\"Home\",\"item\":\"https:\\\/\\\/ozenhandles.com\\\/\"},{\"@type\":\"ListItem\",\"position\":2,\"name\":\"Furniture Hardware\",\"item\":\"https:\\\/\\\/ozenhandles.com\\\/furniture-hardware\\\/\"},{\"@type\":\"ListItem\",\"position\":3,\"name\":\"Knobs\"}]},{\"@type\":\"WebSite\",\"@id\":\"https:\\\/\\\/ozenhandles.com\\\/#website\",\"url\":\"https:\\\/\\\/ozenhandles.com\\\/\",\"name\":\"ozen handles\",\"description\":\"Care apart\u2122\",\"publisher\":{\"@id\":\"https:\\\/\\\/ozenhandles.com\\\/#organization\"},\"potentialAction\":[{\"@type\":\"SearchAction\",\"target\":{\"@type\":\"EntryPoint\",\"urlTemplate\":\"https:\\\/\\\/ozenhandles.com\\\/?s={search_term_string}\"},\"query-input\":{\"@type\":\"PropertyValueSpecification\",\"valueRequired\":true,\"valueName\":\"search_term_string\"}}],\"inLanguage\":\"tr\"},{\"@type\":\"Organization\",\"@id\":\"https:\\\/\\\/ozenhandles.com\\\/#organization\",\"name\":\"ozen handles\",\"url\":\"https:\\\/\\\/ozenhandles.com\\\/\",\"logo\":{\"@type\":\"ImageObject\",\"inLanguage\":\"tr\",\"@id\":\"https:\\\/\\\/ozenhandles.com\\\/#\\\/schema\\\/logo\\\/image\\\/\",\"url\":\"https:\\\/\\\/ozenhandles.com\\\/wp-content\\\/uploads\\\/2024\\\/03\\\/ozen.png\",\"contentUrl\":\"https:\\\/\\\/ozenhandles.com\\\/wp-content\\\/uploads\\\/2024\\\/03\\\/ozen.png\",\"width\":1161,\"height\":421,\"caption\":\"ozen handles\"},\"image\":{\"@id\":\"https:\\\/\\\/ozenhandles.com\\\/#\\\/schema\\\/logo\\\/image\\\/\"},\"sameAs\":[\"https:\\\/\\\/www.facebook.com\\\/OzenHandles\\\/\",\"https:\\\/\\\/x.com\\\/ozenhandles\",\"https:\\\/\\\/www.instagram.com\\\/ozenhandles\\\/\"]}]}<\/script>\n<!-- \/ Yoast SEO plugin. -->","yoast_head_json":{"title":"Mobilya Kulplar\u0131 | Dolap ve \u00c7ekmece Kulplar\u0131 | Ozen Handles","description":"Ozen Handles tasar\u0131m\u0131 kulplarla mobilyan\u0131z\u0131 yenileyin. Dolap, \u00e7ekmece ve gard\u0131roplar i\u00e7in modern ve zarif \u00e7\u00f6z\u00fcmler.","robots":{"index":"index","follow":"follow","max-snippet":"max-snippet:-1","max-image-preview":"max-image-preview:large","max-video-preview":"max-video-preview:-1"},"canonical":"https:\/\/ozenhandles.com\/tr\/furniture-hardware\/knobs\/","og_locale":"tr_TR","og_type":"article","og_title":"Furniture Knobs | Cabinet & Drawer Knobs | Ozen Handles","og_description":"Elevate your furniture with Ozen Handles' designer knobs\u2014perfect for cabinets, drawers, and wardrobes in modern or classic interiors.","og_url":"https:\/\/ozenhandles.com\/tr\/furniture-hardware\/knobs\/","og_site_name":"\u00f6zen","article_publisher":"https:\/\/www.facebook.com\/OzenHandles\/","article_modified_time":"2025-07-31T14:29:20+00:00","twitter_card":"summary_large_image","twitter_site":"@ozenhandles","schema":{"@context":"https:\/\/schema.org","@graph":[{"@type":"WebPage","@id":"https:\/\/ozenhandles.com\/furniture-hardware\/knobs\/","url":"https:\/\/ozenhandles.com\/furniture-hardware\/knobs\/","name":"Mobilya Kulplar\u0131 | Dolap ve \u00c7ekmece Kulplar\u0131 | Ozen Handles","isPartOf":{"@id":"https:\/\/ozenhandles.com\/#website"},"datePublished":"2024-04-01T14:31:09+00:00","dateModified":"2025-07-31T14:29:20+00:00","description":"Ozen Handles tasar\u0131m\u0131 kulplarla mobilyan\u0131z\u0131 yenileyin. Dolap, \u00e7ekmece ve gard\u0131roplar i\u00e7in modern ve zarif \u00e7\u00f6z\u00fcmler.","breadcrumb":{"@id":"https:\/\/ozenhandles.com\/furniture-hardware\/knobs\/#breadcrumb"},"inLanguage":"tr","potentialAction":[{"@type":"ReadAction","target":["https:\/\/ozenhandles.com\/furniture-hardware\/knobs\/"]}]},{"@type":"BreadcrumbList","@id":"https:\/\/ozenhandles.com\/furniture-hardware\/knobs\/#breadcrumb","itemListElement":[{"@type":"ListItem","position":1,"name":"Home","item":"https:\/\/ozenhandles.com\/"},{"@type":"ListItem","position":2,"name":"Furniture Hardware","item":"https:\/\/ozenhandles.com\/furniture-hardware\/"},{"@type":"ListItem","position":3,"name":"Knobs"}]},{"@type":"WebSite","@id":"https:\/\/ozenhandles.com\/#website","url":"https:\/\/ozenhandles.com\/","name":"ozen handles","description":"Care apart\u2122","publisher":{"@id":"https:\/\/ozenhandles.com\/#organization"},"potentialAction":[{"@type":"SearchAction","target":{"@type":"EntryPoint","urlTemplate":"https:\/\/ozenhandles.com\/?s={search_term_string}"},"query-input":{"@type":"PropertyValueSpecification","valueRequired":true,"valueName":"search_term_string"}}],"inLanguage":"tr"},{"@type":"Organization","@id":"https:\/\/ozenhandles.com\/#organization","name":"ozen handles","url":"https:\/\/ozenhandles.com\/","logo":{"@type":"ImageObject","inLanguage":"tr","@id":"https:\/\/ozenhandles.com\/#\/schema\/logo\/image\/","url":"https:\/\/ozenhandles.com\/wp-content\/uploads\/2024\/03\/ozen.png","contentUrl":"https:\/\/ozenhandles.com\/wp-content\/uploads\/2024\/03\/ozen.png","width":1161,"height":421,"caption":"ozen handles"},"image":{"@id":"https:\/\/ozenhandles.com\/#\/schema\/logo\/image\/"},"sameAs":["https:\/\/www.facebook.com\/OzenHandles\/","https:\/\/x.com\/ozenhandles","https:\/\/www.instagram.com\/ozenhandles\/"]}]}},"_links":{"self":[{"href":"https:\/\/ozenhandles.com\/tr\/wp-json\/wp\/v2\/pages\/997","targetHints":{"allow":["GET"]}}],"collection":[{"href":"https:\/\/ozenhandles.com\/tr\/wp-json\/wp\/v2\/pages"}],"about":[{"href":"https:\/\/ozenhandles.com\/tr\/wp-json\/wp\/v2\/types\/page"}],"author":[{"embeddable":true,"href":"https:\/\/ozenhandles.com\/tr\/wp-json\/wp\/v2\/users\/1"}],"replies":[{"embeddable":true,"href":"https:\/\/ozenhandles.com\/tr\/wp-json\/wp\/v2\/comments?post=997"}],"version-history":[{"count":0,"href":"https:\/\/ozenhandles.com\/tr\/wp-json\/wp\/v2\/pages\/997\/revisions"}],"up":[{"embeddable":true,"href":"https:\/\/ozenhandles.com\/tr\/wp-json\/wp\/v2\/pages\/383"}],"wp:attachment":[{"href":"https:\/\/ozenhandles.com\/tr\/wp-json\/wp\/v2\/media?parent=997"}],"curies":[{"name":"wp","href":"https:\/\/api.w.org\/{rel}","templated":true}]}}