{"id":3507,"date":"2024-09-25T08:41:50","date_gmt":"2024-09-25T12:41:50","guid":{"rendered":"https:\/\/ozenhandles.com\/product\/mortise-lock-i-3-bars-copy-copy-copy\/"},"modified":"2024-10-21T08:04:39","modified_gmt":"2024-10-21T12:04:39","slug":"mortise-lock-room","status":"publish","type":"product","link":"https:\/\/ozenhandles.com\/tr\/urun\/mortise-lock-room\/","title":{"rendered":"G\u00f6mme Kilit | S\u00fcrg\u00fcl\u00fc"},"content":{"rendered":"","protected":false},"excerpt":{"rendered":"<p>Room Mortise Lock<\/p>","protected":false},"featured_media":3508,"template":"","meta":{"_acf_changed":false},"product_brand":[],"product_cat":[21],"product_tag":[],"class_list":{"0":"post-3507","1":"product","2":"type-product","3":"status-publish","4":"has-post-thumbnail","6":"product_cat-uncategorized","8":"first","9":"instock","10":"shipping-taxable","11":"purchasable","12":"product-type-variable"},"acf":[],"yoast_head":"<!-- This site is optimized with the Yoast SEO plugin v27.5 - https:\/\/yoast.com\/product\/yoast-seo-wordpress\/ -->\n<title>Mortise Lock I Room - \u00f6zen<\/title>\n<meta name=\"robots\" content=\"index, follow, max-snippet:-1, max-image-preview:large, max-video-preview:-1\" \/>\n<link rel=\"canonical\" href=\"https:\/\/ozenhandles.com\/tr\/urun\/mortise-lock-room\/\" \/>\n<meta property=\"og:locale\" content=\"tr_TR\" \/>\n<meta property=\"og:type\" content=\"article\" \/>\n<meta property=\"og:title\" content=\"Mortise Lock I Room - \u00f6zen\" \/>\n<meta property=\"og:description\" content=\"Room Mortise Lock\" \/>\n<meta property=\"og:url\" content=\"https:\/\/ozenhandles.com\/tr\/urun\/mortise-lock-room\/\" \/>\n<meta property=\"og:site_name\" content=\"\u00f6zen\" \/>\n<meta property=\"article:publisher\" content=\"https:\/\/www.facebook.com\/OzenHandles\/\" \/>\n<meta property=\"article:modified_time\" content=\"2024-10-21T12:04:39+00:00\" \/>\n<meta property=\"og:image\" content=\"https:\/\/ozenhandles.com\/wp-content\/uploads\/2024\/09\/Ekran-Resmi-2024-09-25-15.11.46.png\" \/>\n\t<meta property=\"og:image:width\" content=\"1338\" \/>\n\t<meta property=\"og:image:height\" content=\"1354\" \/>\n\t<meta property=\"og:image:type\" content=\"image\/png\" \/>\n<meta name=\"twitter:card\" content=\"summary_large_image\" \/>\n<meta name=\"twitter:site\" content=\"@ozenhandles\" \/>\n<script type=\"application\/ld+json\" class=\"yoast-schema-graph\">{\"@context\":\"https:\\\/\\\/schema.org\",\"@graph\":[{\"@type\":\"WebPage\",\"@id\":\"https:\\\/\\\/ozenhandles.com\\\/product\\\/mortise-lock-room\\\/\",\"url\":\"https:\\\/\\\/ozenhandles.com\\\/product\\\/mortise-lock-room\\\/\",\"name\":\"Mortise Lock I Room - \u00f6zen\",\"isPartOf\":{\"@id\":\"https:\\\/\\\/ozenhandles.com\\\/#website\"},\"primaryImageOfPage\":{\"@id\":\"https:\\\/\\\/ozenhandles.com\\\/product\\\/mortise-lock-room\\\/#primaryimage\"},\"image\":{\"@id\":\"https:\\\/\\\/ozenhandles.com\\\/product\\\/mortise-lock-room\\\/#primaryimage\"},\"thumbnailUrl\":\"https:\\\/\\\/ozenhandles.com\\\/wp-content\\\/uploads\\\/2024\\\/09\\\/Ekran-Resmi-2024-09-25-15.11.46.png\",\"datePublished\":\"2024-09-25T12:41:50+00:00\",\"dateModified\":\"2024-10-21T12:04:39+00:00\",\"breadcrumb\":{\"@id\":\"https:\\\/\\\/ozenhandles.com\\\/product\\\/mortise-lock-room\\\/#breadcrumb\"},\"inLanguage\":\"tr\",\"potentialAction\":[{\"@type\":\"ReadAction\",\"target\":[\"https:\\\/\\\/ozenhandles.com\\\/product\\\/mortise-lock-room\\\/\"]}]},{\"@type\":\"ImageObject\",\"inLanguage\":\"tr\",\"@id\":\"https:\\\/\\\/ozenhandles.com\\\/product\\\/mortise-lock-room\\\/#primaryimage\",\"url\":\"https:\\\/\\\/ozenhandles.com\\\/wp-content\\\/uploads\\\/2024\\\/09\\\/Ekran-Resmi-2024-09-25-15.11.46.png\",\"contentUrl\":\"https:\\\/\\\/ozenhandles.com\\\/wp-content\\\/uploads\\\/2024\\\/09\\\/Ekran-Resmi-2024-09-25-15.11.46.png\",\"width\":1338,\"height\":1354},{\"@type\":\"BreadcrumbList\",\"@id\":\"https:\\\/\\\/ozenhandles.com\\\/product\\\/mortise-lock-room\\\/#breadcrumb\",\"itemListElement\":[{\"@type\":\"ListItem\",\"position\":1,\"name\":\"Home\",\"item\":\"https:\\\/\\\/ozenhandles.com\\\/\"},{\"@type\":\"ListItem\",\"position\":2,\"name\":\"Mortise Lock I Room\"}]},{\"@type\":\"WebSite\",\"@id\":\"https:\\\/\\\/ozenhandles.com\\\/#website\",\"url\":\"https:\\\/\\\/ozenhandles.com\\\/\",\"name\":\"ozen handles\",\"description\":\"Care apart\u2122\",\"publisher\":{\"@id\":\"https:\\\/\\\/ozenhandles.com\\\/#organization\"},\"potentialAction\":[{\"@type\":\"SearchAction\",\"target\":{\"@type\":\"EntryPoint\",\"urlTemplate\":\"https:\\\/\\\/ozenhandles.com\\\/?s={search_term_string}\"},\"query-input\":{\"@type\":\"PropertyValueSpecification\",\"valueRequired\":true,\"valueName\":\"search_term_string\"}}],\"inLanguage\":\"tr\"},{\"@type\":\"Organization\",\"@id\":\"https:\\\/\\\/ozenhandles.com\\\/#organization\",\"name\":\"ozen handles\",\"url\":\"https:\\\/\\\/ozenhandles.com\\\/\",\"logo\":{\"@type\":\"ImageObject\",\"inLanguage\":\"tr\",\"@id\":\"https:\\\/\\\/ozenhandles.com\\\/#\\\/schema\\\/logo\\\/image\\\/\",\"url\":\"https:\\\/\\\/ozenhandles.com\\\/wp-content\\\/uploads\\\/2024\\\/03\\\/ozen.png\",\"contentUrl\":\"https:\\\/\\\/ozenhandles.com\\\/wp-content\\\/uploads\\\/2024\\\/03\\\/ozen.png\",\"width\":1161,\"height\":421,\"caption\":\"ozen handles\"},\"image\":{\"@id\":\"https:\\\/\\\/ozenhandles.com\\\/#\\\/schema\\\/logo\\\/image\\\/\"},\"sameAs\":[\"https:\\\/\\\/www.facebook.com\\\/OzenHandles\\\/\",\"https:\\\/\\\/x.com\\\/ozenhandles\",\"https:\\\/\\\/www.instagram.com\\\/ozenhandles\\\/\"]}]}<\/script>\n<!-- \/ Yoast SEO plugin. -->","yoast_head_json":{"title":"Mortise Lock I Room - \u00f6zen","robots":{"index":"index","follow":"follow","max-snippet":"max-snippet:-1","max-image-preview":"max-image-preview:large","max-video-preview":"max-video-preview:-1"},"canonical":"https:\/\/ozenhandles.com\/tr\/urun\/mortise-lock-room\/","og_locale":"tr_TR","og_type":"article","og_title":"Mortise Lock I Room - \u00f6zen","og_description":"Room Mortise Lock","og_url":"https:\/\/ozenhandles.com\/tr\/urun\/mortise-lock-room\/","og_site_name":"\u00f6zen","article_publisher":"https:\/\/www.facebook.com\/OzenHandles\/","article_modified_time":"2024-10-21T12:04:39+00:00","og_image":[{"width":1338,"height":1354,"url":"https:\/\/ozenhandles.com\/wp-content\/uploads\/2024\/09\/Ekran-Resmi-2024-09-25-15.11.46.png","type":"image\/png"}],"twitter_card":"summary_large_image","twitter_site":"@ozenhandles","schema":{"@context":"https:\/\/schema.org","@graph":[{"@type":"WebPage","@id":"https:\/\/ozenhandles.com\/product\/mortise-lock-room\/","url":"https:\/\/ozenhandles.com\/product\/mortise-lock-room\/","name":"Mortise Lock I Room - \u00f6zen","isPartOf":{"@id":"https:\/\/ozenhandles.com\/#website"},"primaryImageOfPage":{"@id":"https:\/\/ozenhandles.com\/product\/mortise-lock-room\/#primaryimage"},"image":{"@id":"https:\/\/ozenhandles.com\/product\/mortise-lock-room\/#primaryimage"},"thumbnailUrl":"https:\/\/ozenhandles.com\/wp-content\/uploads\/2024\/09\/Ekran-Resmi-2024-09-25-15.11.46.png","datePublished":"2024-09-25T12:41:50+00:00","dateModified":"2024-10-21T12:04:39+00:00","breadcrumb":{"@id":"https:\/\/ozenhandles.com\/product\/mortise-lock-room\/#breadcrumb"},"inLanguage":"tr","potentialAction":[{"@type":"ReadAction","target":["https:\/\/ozenhandles.com\/product\/mortise-lock-room\/"]}]},{"@type":"ImageObject","inLanguage":"tr","@id":"https:\/\/ozenhandles.com\/product\/mortise-lock-room\/#primaryimage","url":"https:\/\/ozenhandles.com\/wp-content\/uploads\/2024\/09\/Ekran-Resmi-2024-09-25-15.11.46.png","contentUrl":"https:\/\/ozenhandles.com\/wp-content\/uploads\/2024\/09\/Ekran-Resmi-2024-09-25-15.11.46.png","width":1338,"height":1354},{"@type":"BreadcrumbList","@id":"https:\/\/ozenhandles.com\/product\/mortise-lock-room\/#breadcrumb","itemListElement":[{"@type":"ListItem","position":1,"name":"Home","item":"https:\/\/ozenhandles.com\/"},{"@type":"ListItem","position":2,"name":"Mortise Lock I Room"}]},{"@type":"WebSite","@id":"https:\/\/ozenhandles.com\/#website","url":"https:\/\/ozenhandles.com\/","name":"ozen handles","description":"Care apart\u2122","publisher":{"@id":"https:\/\/ozenhandles.com\/#organization"},"potentialAction":[{"@type":"SearchAction","target":{"@type":"EntryPoint","urlTemplate":"https:\/\/ozenhandles.com\/?s={search_term_string}"},"query-input":{"@type":"PropertyValueSpecification","valueRequired":true,"valueName":"search_term_string"}}],"inLanguage":"tr"},{"@type":"Organization","@id":"https:\/\/ozenhandles.com\/#organization","name":"ozen handles","url":"https:\/\/ozenhandles.com\/","logo":{"@type":"ImageObject","inLanguage":"tr","@id":"https:\/\/ozenhandles.com\/#\/schema\/logo\/image\/","url":"https:\/\/ozenhandles.com\/wp-content\/uploads\/2024\/03\/ozen.png","contentUrl":"https:\/\/ozenhandles.com\/wp-content\/uploads\/2024\/03\/ozen.png","width":1161,"height":421,"caption":"ozen handles"},"image":{"@id":"https:\/\/ozenhandles.com\/#\/schema\/logo\/image\/"},"sameAs":["https:\/\/www.facebook.com\/OzenHandles\/","https:\/\/x.com\/ozenhandles","https:\/\/www.instagram.com\/ozenhandles\/"]}]}},"_links":{"self":[{"href":"https:\/\/ozenhandles.com\/tr\/wp-json\/wp\/v2\/product\/3507","targetHints":{"allow":["GET"]}}],"collection":[{"href":"https:\/\/ozenhandles.com\/tr\/wp-json\/wp\/v2\/product"}],"about":[{"href":"https:\/\/ozenhandles.com\/tr\/wp-json\/wp\/v2\/types\/product"}],"wp:featuredmedia":[{"embeddable":true,"href":"https:\/\/ozenhandles.com\/tr\/wp-json\/wp\/v2\/media\/3508"}],"wp:attachment":[{"href":"https:\/\/ozenhandles.com\/tr\/wp-json\/wp\/v2\/media?parent=3507"}],"wp:term":[{"taxonomy":"product_brand","embeddable":true,"href":"https:\/\/ozenhandles.com\/tr\/wp-json\/wp\/v2\/product_brand?post=3507"},{"taxonomy":"product_cat","embeddable":true,"href":"https:\/\/ozenhandles.com\/tr\/wp-json\/wp\/v2\/product_cat?post=3507"},{"taxonomy":"product_tag","embeddable":true,"href":"https:\/\/ozenhandles.com\/tr\/wp-json\/wp\/v2\/product_tag?post=3507"}],"curies":[{"name":"wp","href":"https:\/\/api.w.org\/{rel}","templated":true}]}}